{"id":939,"date":"2021-06-12T06:25:44","date_gmt":"2021-06-12T06:25:44","guid":{"rendered":"https:\/\/godsway.se\/index.php\/services\/"},"modified":"2022-07-23T20:46:29","modified_gmt":"2022-07-23T20:46:29","slug":"tjanster","status":"publish","type":"page","link":"https:\/\/godsway.se\/index.php\/tjanster\/","title":{"rendered":"Tj\u00e4nster"},"content":{"rendered":"\t\t<div data-elementor-type=\"wp-page\" data-elementor-id=\"939\" class=\"elementor elementor-939\">\n\t\t\t\t\t\t<section class=\"elementor-section elementor-top-section elementor-element elementor-element-623ea53 elementor-section-boxed elementor-section-height-default elementor-section-height-default\" data-id=\"623ea53\" data-element_type=\"section\" data-e-type=\"section\" data-settings=\"{&quot;background_background&quot;:&quot;classic&quot;}\">\n\t\t\t\t\t\t\t<div class=\"elementor-background-overlay\"><\/div>\n\t\t\t\t\t\t\t<div class=\"elementor-container elementor-column-gap-no\">\n\t\t\t\t\t<div class=\"elementor-column elementor-col-100 elementor-top-column elementor-element elementor-element-21ddeff\" data-id=\"21ddeff\" data-element_type=\"column\" data-e-type=\"column\">\n\t\t\t<div class=\"elementor-widget-wrap elementor-element-populated\">\n\t\t\t\t\t\t<div class=\"elementor-element elementor-element-a09d3bc elementor-widget elementor-widget-heading\" data-id=\"a09d3bc\" data-element_type=\"widget\" data-e-type=\"widget\" data-widget_type=\"heading.default\">\n\t\t\t\t<div class=\"elementor-widget-container\">\n\t\t\t\t\t<h1 class=\"elementor-heading-title elementor-size-default\">Tj\u00e4nster<\/h1>\t\t\t\t<\/div>\n\t\t\t\t<\/div>\n\t\t\t\t\t<\/div>\n\t\t<\/div>\n\t\t\t\t\t<\/div>\n\t\t<\/section>\n\t\t\t\t<section class=\"elementor-section elementor-top-section elementor-element elementor-element-e6eecd6 elementor-section-boxed elementor-section-height-default elementor-section-height-default\" data-id=\"e6eecd6\" data-element_type=\"section\" data-e-type=\"section\" data-settings=\"{&quot;background_background&quot;:&quot;classic&quot;}\">\n\t\t\t\t\t\t\t<div class=\"elementor-background-overlay\"><\/div>\n\t\t\t\t\t\t\t<div class=\"elementor-container elementor-column-gap-no\">\n\t\t\t\t\t<div class=\"elementor-column elementor-col-100 elementor-top-column elementor-element elementor-element-75764c5\" data-id=\"75764c5\" data-element_type=\"column\" data-e-type=\"column\">\n\t\t\t<div class=\"elementor-widget-wrap elementor-element-populated\">\n\t\t\t\t\t\t<div class=\"elementor-element elementor-element-a3030da elementor-widget elementor-widget-heading\" data-id=\"a3030da\" data-element_type=\"widget\" data-e-type=\"widget\" data-widget_type=\"heading.default\">\n\t\t\t\t<div class=\"elementor-widget-container\">\n\t\t\t\t\t<h6 class=\"elementor-heading-title elementor-size-default\">V\u00e5ra Tj\u00e4nster<\/h6>\t\t\t\t<\/div>\n\t\t\t\t<\/div>\n\t\t\t\t<div class=\"elementor-element elementor-element-1ee8e7c elementor-widget__width-initial elementor-widget-tablet__width-initial elementor-widget-mobile__width-inherit elementor-position-top elementor-widget elementor-widget-image-box\" data-id=\"1ee8e7c\" data-element_type=\"widget\" data-e-type=\"widget\" data-widget_type=\"image-box.default\">\n\t\t\t\t<div class=\"elementor-widget-container\">\n\t\t\t\t\t<div class=\"elementor-image-box-wrapper\"><figure class=\"elementor-image-box-img\"><img fetchpriority=\"high\" decoding=\"async\" width=\"500\" height=\"320\" src=\"https:\/\/godsway.se\/wp-content\/uploads\/2022\/07\/pexels-tima-miroshnichenko-6169050.jpg\" class=\"attachment-full size-full wp-image-1001\" alt=\"\" srcset=\"https:\/\/godsway.se\/wp-content\/uploads\/2022\/07\/pexels-tima-miroshnichenko-6169050.jpg 500w, https:\/\/godsway.se\/wp-content\/uploads\/2022\/07\/pexels-tima-miroshnichenko-6169050-300x192.jpg 300w\" sizes=\"(max-width: 500px) 100vw, 500px\" \/><\/figure><div class=\"elementor-image-box-content\"><h4 class=\"elementor-image-box-title\">Lokal Flyttning<\/h4><p class=\"elementor-image-box-description\">Med en rankning av konsument rekommendationer p\u00e5 96 % har vi g\u00e5ng p\u00e5 g\u00e5ng bevisat att vi \u00e4r de mest angel\u00e4gna n\u00e4r det kommer till att anlita en flyttfirma n\u00e4ra dig. Vi erbjuder en rad specialiserade v\u00e4xling produkter f\u00f6r att m\u00f6ta alla behov, och vi har vad som kr\u00e4vs f\u00f6r att bevisa att vi kan h\u00e5lla dig ig\u00e5ng!\n\nFr\u00e5n bost\u00e4der till l\u00e4genheter, h\u00f6ghus och arbetsplats byggnation - vi \u00e4r specialiserade p\u00e5 alla typer av lokala flyttningar, och v\u00e5rt flytt team har expertis f\u00f6r att hantera alla situationer. Du kan vara s\u00e4ker p\u00e5 att v\u00e5ra flyttare kommer att hantera din fastighet med b\u00e4sta m\u00f6jliga omsorg och vi har all n\u00f6dv\u00e4ndig utrustning f\u00f6r att s\u00e4kerst\u00e4lla att jobbet utf\u00f6rs korrekt.\n<\/p><\/div><\/div>\t\t\t\t<\/div>\n\t\t\t\t<\/div>\n\t\t\t\t<div class=\"elementor-element elementor-element-b9529bc elementor-widget__width-initial elementor-widget-tablet__width-initial elementor-widget-mobile__width-inherit elementor-position-top elementor-widget elementor-widget-image-box\" data-id=\"b9529bc\" data-element_type=\"widget\" data-e-type=\"widget\" data-widget_type=\"image-box.default\">\n\t\t\t\t<div class=\"elementor-widget-container\">\n\t\t\t\t\t<div class=\"elementor-image-box-wrapper\"><figure class=\"elementor-image-box-img\"><img decoding=\"async\" width=\"500\" height=\"320\" src=\"https:\/\/godsway.se\/wp-content\/uploads\/2022\/07\/pexels-tima-miroshnichenko-6169177.jpg\" class=\"attachment-full size-full wp-image-1086\" alt=\"\" srcset=\"https:\/\/godsway.se\/wp-content\/uploads\/2022\/07\/pexels-tima-miroshnichenko-6169177.jpg 500w, https:\/\/godsway.se\/wp-content\/uploads\/2022\/07\/pexels-tima-miroshnichenko-6169177-300x192.jpg 300w\" sizes=\"(max-width: 500px) 100vw, 500px\" \/><\/figure><div class=\"elementor-image-box-content\"><h4 class=\"elementor-image-box-title\">L\u00e5ng Distans Flyttning<\/h4><p class=\"elementor-image-box-description\">Flytta \u00f6ver staten? \u00f6ver gr\u00e4nsen? Vi tar dig dit! Vi har en rad l\u00e5ngdistans tj\u00e4nster till ditt f\u00f6rfogande f\u00f6r att hj\u00e4lpa dig ta bort stressen fr\u00e5n uppf\u00f6ljningen.\n\nUt\u00f6ver v\u00e5r betydande synlighet av leverant\u00f6rer f\u00f6r lokala flyttningar, har vi samma expertstrategier f\u00f6r v\u00e5ra l\u00e5ngdistans flyttning tj\u00e4nster, Vi f\u00f6rs\u00f6ker leverera samma niv\u00e5 av excellens som g\u00f6r din efterf\u00f6ljande l\u00e5ngdistans flyttning stressfri och milj\u00f6v\u00e4nlig som m\u00f6jligt \n<\/p><\/div><\/div>\t\t\t\t<\/div>\n\t\t\t\t<\/div>\n\t\t\t\t<div class=\"elementor-element elementor-element-cd7a0c6 elementor-widget__width-initial elementor-widget-tablet__width-initial elementor-widget-mobile__width-inherit elementor-position-top elementor-widget elementor-widget-image-box\" data-id=\"cd7a0c6\" data-element_type=\"widget\" data-e-type=\"widget\" data-widget_type=\"image-box.default\">\n\t\t\t\t<div class=\"elementor-widget-container\">\n\t\t\t\t\t<div class=\"elementor-image-box-wrapper\"><figure class=\"elementor-image-box-img\"><img decoding=\"async\" width=\"500\" height=\"320\" src=\"https:\/\/godsway.se\/wp-content\/uploads\/2022\/07\/pexels-max-vakhtbovych-6794967.jpg\" class=\"attachment-full size-full wp-image-1085\" alt=\"\" srcset=\"https:\/\/godsway.se\/wp-content\/uploads\/2022\/07\/pexels-max-vakhtbovych-6794967.jpg 500w, https:\/\/godsway.se\/wp-content\/uploads\/2022\/07\/pexels-max-vakhtbovych-6794967-300x192.jpg 300w\" sizes=\"(max-width: 500px) 100vw, 500px\" \/><\/figure><div class=\"elementor-image-box-content\"><h4 class=\"elementor-image-box-title\">Kontor Flyttning<\/h4><p class=\"elementor-image-box-description\">Att flytta fr\u00e5n ett gammalt kontor till ett nytt kontor \u00e4r en av de mest obehagliga situationerna. Detta \u00e4r en mycket stressande och k\u00e4nslom\u00e4ssig situation med tanke p\u00e5 sv\u00e5righeterna i samband med att flytta. Det sv\u00e5raste \u00e4r att flytta alla m\u00f6bler till det nya kontoret utan att g\u00f6ra f\u00f6r mycket skada p\u00e5 det. Detta kan definitivt h\u00e4nda om du saknar n\u00f6dv\u00e4ndig kompetens. Vi p\u00e5 God'sWay tar hand om b\u00e5de privat och f\u00f6retag flyttning. Det finns m\u00e5nga flyttfirmor som erbjuder tj\u00e4nster specifikt f\u00f6r detta \u00e4ndam\u00e5l, och du kan v\u00e4lja en av dem f\u00f6r att utf\u00f6ra jobbet. Men ett f\u00f6retag som God'sWay kan vara ditt svar. Genom att v\u00e4lja oss s\u00e4tter vi upp l\u00e4tt bed\u00f6mda m\u00e5l f\u00f6r v\u00e5ra kunder och oss sj\u00e4lva f\u00f6r att s\u00e4kerst\u00e4lla att din flytt \u00e4r kostnadseffektiv, h\u00e5lla dig s\u00e4ker och se till att dina tillh\u00f6righeter lastas och lossas p\u00e5 ett s\u00e4kert s\u00e4tt.<\/p><\/div><\/div>\t\t\t\t<\/div>\n\t\t\t\t<\/div>\n\t\t\t\t<div class=\"elementor-element elementor-element-56af1c9 elementor-widget__width-initial elementor-widget-tablet__width-initial elementor-widget-mobile__width-inherit elementor-position-top elementor-widget elementor-widget-image-box\" data-id=\"56af1c9\" data-element_type=\"widget\" data-e-type=\"widget\" data-widget_type=\"image-box.default\">\n\t\t\t\t<div class=\"elementor-widget-container\">\n\t\t\t\t\t<div class=\"elementor-image-box-wrapper\"><figure class=\"elementor-image-box-img\"><img loading=\"lazy\" decoding=\"async\" width=\"500\" height=\"320\" src=\"https:\/\/godsway.se\/wp-content\/uploads\/2022\/07\/pexels-max-vakhtbovych-6436757.jpg\" class=\"attachment-full size-full wp-image-1035\" alt=\"\" srcset=\"https:\/\/godsway.se\/wp-content\/uploads\/2022\/07\/pexels-max-vakhtbovych-6436757.jpg 500w, https:\/\/godsway.se\/wp-content\/uploads\/2022\/07\/pexels-max-vakhtbovych-6436757-300x192.jpg 300w\" sizes=\"(max-width: 500px) 100vw, 500px\" \/><\/figure><div class=\"elementor-image-box-content\"><h4 class=\"elementor-image-box-title\">Hem St\u00e4dning<\/h4><p class=\"elementor-image-box-description\">F\u00f6rest\u00e4ll dig att \u00e5terv\u00e4nda till ett rent, glittrande hem efter en l\u00e5ng dag p\u00e5 jobbet! \n\u201cGod\u2019sway\u201d kan hj\u00e4lpa. Vi tar hand om all st\u00e4dning du hatar. Vi ger dig mer tid att g\u00f6ra saker du \u00e4lskar. V\u00e5ra st\u00e4dtj\u00e4nster i Sverige \u00e4r skr\u00e4ddarsydda efter din livsstil. V\u00e5rt team kan utf\u00f6ra omfattande st\u00e4dning i alla delar av hemmet. Vi har en m\u00e4ngd olika alternativ f\u00f6r att passa alla behov och budget. S\u00e5 om du har tr\u00f6ttnat p\u00e5 att dammsuga, damma och torka men vill h\u00e5lla din fastighet ren, s\u00e5 finns vi h\u00e4r f\u00f6r dig. V\u00e5rt team av erfarna st\u00e4dare \u00e4r dedikerade till att m\u00f6ta varje kunds behov. Vi vet att det kan vara sv\u00e5rt att hitta tid att st\u00e4da ditt hem som du vill. V\u00e5ra proffs \u00e4r stolta \u00f6ver att g\u00f6ra detta arbete \u00e5t dig. Vi f\u00f6rst\u00e5r hur h\u00e5rt du jobbar. Det sista du vill g\u00f6ra \u00e4r att st\u00e4da efter att du har slutat jobba. Om du anlitar v\u00e5ra experter tar vi hand om hela st\u00e4dningen p\u00e5 ett professionellt s\u00e4tt.\n<\/p><\/div><\/div>\t\t\t\t<\/div>\n\t\t\t\t<\/div>\n\t\t\t\t<div class=\"elementor-element elementor-element-ff6dc9f elementor-widget__width-initial elementor-widget-tablet__width-initial elementor-widget-mobile__width-inherit elementor-position-top elementor-widget elementor-widget-image-box\" data-id=\"ff6dc9f\" data-element_type=\"widget\" data-e-type=\"widget\" data-widget_type=\"image-box.default\">\n\t\t\t\t<div class=\"elementor-widget-container\">\n\t\t\t\t\t<div class=\"elementor-image-box-wrapper\"><figure class=\"elementor-image-box-img\"><img loading=\"lazy\" decoding=\"async\" width=\"500\" height=\"320\" src=\"https:\/\/godsway.se\/wp-content\/uploads\/2022\/07\/pexels-max-vakhtbovych-6899401.jpg\" class=\"attachment-full size-full wp-image-1036\" alt=\"\" srcset=\"https:\/\/godsway.se\/wp-content\/uploads\/2022\/07\/pexels-max-vakhtbovych-6899401.jpg 500w, https:\/\/godsway.se\/wp-content\/uploads\/2022\/07\/pexels-max-vakhtbovych-6899401-300x192.jpg 300w\" sizes=\"(max-width: 500px) 100vw, 500px\" \/><\/figure><div class=\"elementor-image-box-content\"><h4 class=\"elementor-image-box-title\">Privat Och F\u00f6retag St\u00e4dning<\/h4><p class=\"elementor-image-box-description\">Att flytta fr\u00e5n ett gammalt hem till ett nytt hem i ett annat omr\u00e5de \u00e4r en av de mest obehagliga situationerna. Detta \u00e4r en mycket stressande och k\u00e4nslom\u00e4ssig situation med tanke p\u00e5 sv\u00e5righeterna i samband med att flytta. Det sv\u00e5raste \u00e4r att flytta alla m\u00f6bler till det nya huset utan att g\u00f6ra f\u00f6r mycket skada p\u00e5 det. Detta kan definitivt h\u00e4nda om du saknar n\u00f6dv\u00e4ndig kompetens. Vi p\u00e5 godways tar hand om b\u00e5de privat och f\u00f6retag flyttning. Det finns m\u00e5nga flyttfirmor som erbjuder tj\u00e4nster specifikt f\u00f6r detta \u00e4ndam\u00e5l, och du kan v\u00e4lja en av dem f\u00f6r att utf\u00f6ra jobbet. Men ett f\u00f6retag som God'sway kan vara ditt svar. Genom att v\u00e4lja oss s\u00e4tter vi upp l\u00e4tt bed\u00f6mda m\u00e5l f\u00f6r v\u00e5ra kunder och oss sj\u00e4lva f\u00f6r att s\u00e4kerst\u00e4lla att din flytt \u00e4r kostnadseffektiv, h\u00e5lla dig s\u00e4ker och se till att dina tillh\u00f6righeter lastas och lossas p\u00e5 ett s\u00e4kert s\u00e4tt.<\/p><\/div><\/div>\t\t\t\t<\/div>\n\t\t\t\t<\/div>\n\t\t\t\t<div class=\"elementor-element elementor-element-24b722c elementor-widget__width-initial elementor-widget-tablet__width-initial elementor-widget-mobile__width-inherit elementor-position-top elementor-widget elementor-widget-image-box\" data-id=\"24b722c\" data-element_type=\"widget\" data-e-type=\"widget\" data-widget_type=\"image-box.default\">\n\t\t\t\t<div class=\"elementor-widget-container\">\n\t\t\t\t\t<div class=\"elementor-image-box-wrapper\"><figure class=\"elementor-image-box-img\"><img loading=\"lazy\" decoding=\"async\" width=\"500\" height=\"320\" src=\"https:\/\/godsway.se\/wp-content\/uploads\/2022\/07\/pexels-max-vakhtbovych-7174396.jpg\" class=\"attachment-full size-full wp-image-1037\" alt=\"\" srcset=\"https:\/\/godsway.se\/wp-content\/uploads\/2022\/07\/pexels-max-vakhtbovych-7174396.jpg 500w, https:\/\/godsway.se\/wp-content\/uploads\/2022\/07\/pexels-max-vakhtbovych-7174396-300x192.jpg 300w\" sizes=\"(max-width: 500px) 100vw, 500px\" \/><\/figure><div class=\"elementor-image-box-content\"><h4 class=\"elementor-image-box-title\">Gym och Lokal St\u00e4dning<\/h4><p class=\"elementor-image-box-description\">Det finns m\u00e5nga anledningar till varf\u00f6r ett Gym m\u00e5ste vara rent och snyggt, och kundsn\u00f6jdhet \u00e4r definitivt en av dem.\nDessutom s\u00e4kerst\u00e4ller en ren och hygienisk gym att sjukdomar inte sprids och att dina medlemmar f\u00e5r den b\u00e4sta tr\u00e4ningsmilj\u00f6.\nOm du letar efter h\u00f6gkvalitativa st\u00e4dtj\u00e4nster till ett \u00f6verkomligt pris, leta inte vidare.\nV\u00e5ra certifierade professionella st\u00e4dare \u00e4r h\u00e4r f\u00f6r att hj\u00e4lpa till.\nVi tillhandah\u00e5ller gymst\u00e4dning f\u00f6r stora och sm\u00e5 anl\u00e4ggningar. Vi erbjuder \u00e4ven lokal och lagerst\u00e4dning. V\u00e5rt fokus \u00e4r att leverera kvalitetsservice till ett konkurrenskraftigt pris.\n S\u00e5 om du letar efter ett st\u00e4dfirma eller funderar p\u00e5 en ers\u00e4ttare, v\u00e4nligen kontakta oss s\u00e5 hj\u00e4lper vi dig varje steg p\u00e5 v\u00e4gen genom konverteringsprocessen, med slutresultatet en f\u00f6rb\u00e4ttrad och konsekvent ny st\u00e4dtj\u00e4nst.\n<\/p><\/div><\/div>\t\t\t\t<\/div>\n\t\t\t\t<\/div>\n\t\t\t\t\t<\/div>\n\t\t<\/div>\n\t\t\t\t\t<\/div>\n\t\t<\/section>\n\t\t\t\t<section class=\"elementor-section elementor-top-section elementor-element elementor-element-fdb1e5e elementor-section-boxed elementor-section-height-default elementor-section-height-default\" data-id=\"fdb1e5e\" data-element_type=\"section\" data-e-type=\"section\" data-settings=\"{&quot;shape_divider_top&quot;:&quot;opacity-tilt&quot;,&quot;background_background&quot;:&quot;classic&quot;}\">\n\t\t\t\t\t\t\t<div class=\"elementor-background-overlay\"><\/div>\n\t\t\t\t\t\t<div class=\"elementor-shape elementor-shape-top\" aria-hidden=\"true\" data-negative=\"false\">\n\t\t\t<svg xmlns=\"http:\/\/www.w3.org\/2000\/svg\" viewBox=\"0 0 2600 131.1\" preserveAspectRatio=\"none\">\n\t<path class=\"elementor-shape-fill\" d=\"M0 0L2600 0 2600 69.1 0 0z\"\/>\n\t<path class=\"elementor-shape-fill\" style=\"opacity:0.5\" d=\"M0 0L2600 0 2600 69.1 0 69.1z\"\/>\n\t<path class=\"elementor-shape-fill\" style=\"opacity:0.25\" d=\"M2600 0L0 0 0 130.1 2600 69.1z\"\/>\n<\/svg>\t\t<\/div>\n\t\t\t\t\t<div class=\"elementor-container elementor-column-gap-no\">\n\t\t\t\t\t<div class=\"elementor-column elementor-col-100 elementor-top-column elementor-element elementor-element-ad7e385\" data-id=\"ad7e385\" data-element_type=\"column\" data-e-type=\"column\" data-settings=\"{&quot;background_background&quot;:&quot;classic&quot;}\">\n\t\t\t<div class=\"elementor-widget-wrap elementor-element-populated\">\n\t\t\t\t\t\t<div class=\"elementor-element elementor-element-4166dbb elementor-widget elementor-widget-heading\" data-id=\"4166dbb\" data-element_type=\"widget\" data-e-type=\"widget\" data-widget_type=\"heading.default\">\n\t\t\t\t<div class=\"elementor-widget-container\">\n\t\t\t\t\t<h6 class=\"elementor-heading-title elementor-size-default\">Snabb servicef\u00f6rfr\u00e5gan<\/h6>\t\t\t\t<\/div>\n\t\t\t\t<\/div>\n\t\t\t\t<div class=\"elementor-element elementor-element-9924f6e elementor-widget elementor-widget-icon-box\" data-id=\"9924f6e\" data-element_type=\"widget\" data-e-type=\"widget\" data-widget_type=\"icon-box.default\">\n\t\t\t\t<div class=\"elementor-widget-container\">\n\t\t\t\t\t\t\t<div class=\"elementor-icon-box-wrapper\">\n\n\t\t\t\n\t\t\t\t\t\t<div class=\"elementor-icon-box-content\">\n\n\t\t\t\t\t\t\t\t\t<h2 class=\"elementor-icon-box-title\">\n\t\t\t\t\t\t<span  >\n\t\t\t\t\t\t\tSkicka inspektionsbeg\u00e4ran\t\t\t\t\t\t<\/span>\n\t\t\t\t\t<\/h2>\n\t\t\t\t\n\t\t\t\t\n\t\t\t<\/div>\n\t\t\t\n\t\t<\/div>\n\t\t\t\t\t\t<\/div>\n\t\t\t\t<\/div>\n\t\t\t\t<div class=\"elementor-element elementor-element-8098feb elementor-widget elementor-widget-wpforms\" data-id=\"8098feb\" data-element_type=\"widget\" data-e-type=\"widget\" data-widget_type=\"wpforms.default\">\n\t\t\t\t<div class=\"elementor-widget-container\">\n\t\t\t\t\t<div class=\"wpforms-container inline-fields\" id=\"wpforms-13\"><form id=\"wpforms-form-13\" class=\"wpforms-validate wpforms-form\" data-formid=\"13\" method=\"post\" enctype=\"multipart\/form-data\" action=\"\/index.php\/wp-json\/wp\/v2\/pages\/939\" data-token=\"b2fe679a30bf9855dc1a8f2900c63f48\" data-token-time=\"1776426238\"><noscript class=\"wpforms-error-noscript\">Please enable JavaScript in your browser to complete this form.<\/noscript><div class=\"wpforms-field-container\"><div id=\"wpforms-13-field_0-container\" class=\"wpforms-field wpforms-field-name\" data-field-id=\"0\"><label class=\"wpforms-field-label wpforms-label-hide\" for=\"wpforms-13-field_0\">Namn <span class=\"wpforms-required-label\">*<\/span><\/label><input type=\"text\" id=\"wpforms-13-field_0\" class=\"wpforms-field-medium wpforms-field-required\" name=\"wpforms[fields][0]\" placeholder=\"Ange ditt fullst\u00e4ndiga namn\" required><\/div><div id=\"wpforms-13-field_4-container\" class=\"wpforms-field wpforms-field-text\" data-field-id=\"4\"><label class=\"wpforms-field-label wpforms-label-hide\" for=\"wpforms-13-field_4\">Telefonnummer<\/label><input type=\"text\" id=\"wpforms-13-field_4\" class=\"wpforms-field-medium\" name=\"wpforms[fields][4]\" placeholder=\"Telefonnummer\" ><\/div><\/div><!-- .wpforms-field-container --><div class=\"wpforms-submit-container\" ><input type=\"hidden\" name=\"wpforms[id]\" value=\"13\"><input type=\"hidden\" name=\"page_title\" value=\"\"><input type=\"hidden\" name=\"page_url\" value=\"https:\/\/godsway.se\/index.php\/wp-json\/wp\/v2\/pages\/939\"><input type=\"hidden\" name=\"url_referer\" value=\"\"><button type=\"submit\" name=\"wpforms[submit]\" id=\"wpforms-submit-13\" class=\"wpforms-submit\" data-alt-text=\"S\u00e4ndning...\" data-submit-text=\"Skicka\" aria-live=\"assertive\" value=\"wpforms-submit\">Skicka<\/button><\/div><\/form><\/div>  <!-- .wpforms-container -->\t\t\t\t<\/div>\n\t\t\t\t<\/div>\n\t\t\t\t\t<\/div>\n\t\t<\/div>\n\t\t\t\t\t<\/div>\n\t\t<\/section>\n\t\t\t\t<\/div>\n\t\t","protected":false},"excerpt":{"rendered":"<p>Tj\u00e4nster V\u00e5ra Tj\u00e4nster Lokal Flyttning Med en rankning av konsument rekommendationer p\u00e5 96 % har vi g\u00e5ng p\u00e5 g\u00e5ng bevisat att vi \u00e4r de mest angel\u00e4gna n\u00e4r det kommer till att anlita en flyttfirma n\u00e4ra dig. Vi erbjuder en rad specialiserade v\u00e4xling produkter f\u00f6r att m\u00f6ta alla behov, och vi har vad som kr\u00e4vs f\u00f6r [&hellip;]<\/p>\n","protected":false},"author":1,"featured_media":0,"parent":0,"menu_order":0,"comment_status":"closed","ping_status":"closed","template":"","meta":{"om_disable_all_campaigns":false,"_monsterinsights_skip_tracking":false,"_monsterinsights_sitenote_active":false,"_monsterinsights_sitenote_note":"","_monsterinsights_sitenote_category":0,"site-sidebar-layout":"no-sidebar","site-content-layout":"page-builder","ast-site-content-layout":"default","site-content-style":"default","site-sidebar-style":"default","ast-global-header-display":"","ast-banner-title-visibility":"","ast-main-header-display":"","ast-hfb-above-header-display":"","ast-hfb-below-header-display":"","ast-hfb-mobile-header-display":"","site-post-title":"disabled","ast-breadcrumbs-content":"disabled","ast-featured-img":"disabled","footer-sml-layout":"","ast-disable-related-posts":"","theme-transparent-header-meta":"enabled","adv-header-id-meta":"","stick-header-meta":"","header-above-stick-meta":"","header-main-stick-meta":"","header-below-stick-meta":"","astra-migrate-meta-layouts":"default","ast-page-background-enabled":"default","ast-page-background-meta":{"desktop":{"background-color":"","background-image":"","background-repeat":"repeat","background-position":"center center","background-size":"auto","background-attachment":"scroll","background-type":"","background-media":"","overlay-type":"","overlay-color":"","overlay-opacity":"","overlay-gradient":""},"tablet":{"background-color":"","background-image":"","background-repeat":"repeat","background-position":"center center","background-size":"auto","background-attachment":"scroll","background-type":"","background-media":"","overlay-type":"","overlay-color":"","overlay-opacity":"","overlay-gradient":""},"mobile":{"background-color":"","background-image":"","background-repeat":"repeat","background-position":"center center","background-size":"auto","background-attachment":"scroll","background-type":"","background-media":"","overlay-type":"","overlay-color":"","overlay-opacity":"","overlay-gradient":""}},"ast-content-background-meta":{"desktop":{"background-color":"var(--ast-global-color-5)","background-image":"","background-repeat":"repeat","background-position":"center center","background-size":"auto","background-attachment":"scroll","background-type":"","background-media":"","overlay-type":"","overlay-color":"","overlay-opacity":"","overlay-gradient":""},"tablet":{"background-color":"var(--ast-global-color-5)","background-image":"","background-repeat":"repeat","background-position":"center center","background-size":"auto","background-attachment":"scroll","background-type":"","background-media":"","overlay-type":"","overlay-color":"","overlay-opacity":"","overlay-gradient":""},"mobile":{"background-color":"var(--ast-global-color-5)","background-image":"","background-repeat":"repeat","background-position":"center center","background-size":"auto","background-attachment":"scroll","background-type":"","background-media":"","overlay-type":"","overlay-color":"","overlay-opacity":"","overlay-gradient":""}},"footnotes":""},"class_list":["post-939","page","type-page","status-publish","hentry"],"_links":{"self":[{"href":"https:\/\/godsway.se\/index.php\/wp-json\/wp\/v2\/pages\/939"}],"collection":[{"href":"https:\/\/godsway.se\/index.php\/wp-json\/wp\/v2\/pages"}],"about":[{"href":"https:\/\/godsway.se\/index.php\/wp-json\/wp\/v2\/types\/page"}],"author":[{"embeddable":true,"href":"https:\/\/godsway.se\/index.php\/wp-json\/wp\/v2\/users\/1"}],"replies":[{"embeddable":true,"href":"https:\/\/godsway.se\/index.php\/wp-json\/wp\/v2\/comments?post=939"}],"version-history":[{"count":29,"href":"https:\/\/godsway.se\/index.php\/wp-json\/wp\/v2\/pages\/939\/revisions"}],"predecessor-version":[{"id":1152,"href":"https:\/\/godsway.se\/index.php\/wp-json\/wp\/v2\/pages\/939\/revisions\/1152"}],"wp:attachment":[{"href":"https:\/\/godsway.se\/index.php\/wp-json\/wp\/v2\/media?parent=939"}],"curies":[{"name":"wp","href":"https:\/\/api.w.org\/{rel}","templated":true}]}}